{"id":15,"date":"2022-08-25T12:05:57","date_gmt":"2022-08-25T12:05:57","guid":{"rendered":"https:\/\/elimfellowshipcongo.org\/?page_id=15"},"modified":"2025-08-03T02:51:46","modified_gmt":"2025-08-03T02:51:46","slug":"visite-de-deplaces-de-rutshuru","status":"publish","type":"page","link":"https:\/\/elimfellowshipcongo.org\/?page_id=15","title":{"rendered":"PERSPECTIVES"},"content":{"rendered":"\n<p>&#8211; Implanter des \u00e9glises dans des villages recul\u00e9s des territoires suivants: Nyiragongo, Kalehe, Rutshuru, Masisi, Walikale, Ituri, Beni, Idjwi, Kabare, Uvira, Fizi etc.<\/p>\n\n\n\n<p>&nbsp;&#8211; Former des \u00e9vang\u00e9listes et des responsables d&#8217;\u00e9glises en minist\u00e8re et leadership<\/p>\n\n\n\n<p>&#8211; Lancer des programmes d&#8217;alphab\u00e9tisation dans toutes les \u00e9glises<\/p>\n\n\n\n<p>&#8211; Organiser des conf\u00e9rences pour tous les responsables d&#8217;\u00e9glise<\/p>\n\n\n\n<p>&#8211; organiser des conf\u00e9rences des couples de serviteurs<\/p>\n\n\n\n<p>&nbsp;&#8211; Former la Communaut\u00e9 en entrepreneuriat et au d\u00e9veloppement indig\u00e8ne pour l\u2019autopromotion.<\/p>\n\n\n\n<p>&#8211; Soutenir &nbsp;les programmes de microprojets, d\u2019\u00e9levage et d\u2019agricultures<\/p>\n\n\n\n<p>&#8211; Sensibiliser et accompagner des \u00e9glises locales pour l&#8217;achat de terrains et la construction de temples.<\/p>\n\n\n\n<p><font style=\"vertical-align: inherit;\"><font style=\"vertical-align: inherit;\">&#8211; Aider les orphelins et les personnes vuln\u00e9rables pour leur scolarit\u00e9, soutien et nutrition aux malnutris.<\/font><\/font><\/p>\n\n\n\n<p><font style=\"vertical-align: inherit;\"><font style=\"vertical-align: inherit;\">&#8211; Organiser des programmes de cours bibliques pour les \u00e9glises locales<\/font><\/font><\/p>\n\n\n\n<figure class=\"wp-block-video\"><video height=\"206\" style=\"aspect-ratio: 116 \/ 206;\" width=\"116\" controls src=\"https:\/\/elimfellowshipcongo.org\/wp-content\/uploads\/2024\/01\/speechreview.mp4\"><\/video><\/figure>\n","protected":false},"excerpt":{"rendered":"<p>&#8211; Implanter des \u00e9glises dans des villages recul\u00e9s des territoires suivants: Nyiragongo, Kalehe, Rutshuru, Masisi, Walikale, Ituri, Beni, Idjwi, Kabare, Uvira, Fizi etc. &nbsp;&#8211; Former des \u00e9vang\u00e9listes et des responsables d&#8217;\u00e9glises en minist\u00e8re et leadership &#8211; Lancer des programmes d&#8217;alphab\u00e9tisation dans toutes les \u00e9glises &#8211; Organiser des conf\u00e9rences pour tous les responsables d&#8217;\u00e9glise &#8211; organiser [&hellip;]<\/p>\n","protected":false},"author":1,"featured_media":0,"parent":0,"menu_order":0,"comment_status":"closed","ping_status":"closed","template":"","meta":{"footnotes":""},"class_list":["post-15","page","type-page","status-publish","hentry"],"_links":{"self":[{"href":"https:\/\/elimfellowshipcongo.org\/index.php?rest_route=\/wp\/v2\/pages\/15","targetHints":{"allow":["GET"]}}],"collection":[{"href":"https:\/\/elimfellowshipcongo.org\/index.php?rest_route=\/wp\/v2\/pages"}],"about":[{"href":"https:\/\/elimfellowshipcongo.org\/index.php?rest_route=\/wp\/v2\/types\/page"}],"author":[{"embeddable":true,"href":"https:\/\/elimfellowshipcongo.org\/index.php?rest_route=\/wp\/v2\/users\/1"}],"replies":[{"embeddable":true,"href":"https:\/\/elimfellowshipcongo.org\/index.php?rest_route=%2Fwp%2Fv2%2Fcomments&post=15"}],"version-history":[{"count":8,"href":"https:\/\/elimfellowshipcongo.org\/index.php?rest_route=\/wp\/v2\/pages\/15\/revisions"}],"predecessor-version":[{"id":624,"href":"https:\/\/elimfellowshipcongo.org\/index.php?rest_route=\/wp\/v2\/pages\/15\/revisions\/624"}],"wp:attachment":[{"href":"https:\/\/elimfellowshipcongo.org\/index.php?rest_route=%2Fwp%2Fv2%2Fmedia&parent=15"}],"curies":[{"name":"wp","href":"https:\/\/api.w.org\/{rel}","templated":true}]}}