{"id":17,"date":"2022-08-25T12:09:52","date_gmt":"2022-08-25T12:09:52","guid":{"rendered":"https:\/\/elimfellowshipcongo.org\/?page_id=17"},"modified":"2022-09-06T22:02:50","modified_gmt":"2022-09-06T22:02:50","slug":"conference-de-la-jeunesse-elim","status":"publish","type":"page","link":"https:\/\/elimfellowshipcongo.org\/?page_id=17","title":{"rendered":"PARTENARIAT"},"content":{"rendered":"\n<p>Nos partenaires sont des individus, \u00e9glises ou autres organisations locales ou \u00e9trang\u00e8res int\u00e9ress\u00e9es par nos activit\u00e9s et qui puissent collaborer avec nous pour l\u2019atteinte de nos objectifs.<\/p>\n\n\n\n<p>&nbsp;Nos partenaires pourront nous appuyer dans ces domaines&nbsp;:<\/p>\n\n\n\n<ul class=\"wp-block-list\"><li>Capacitation de nos collaborateurs serviteurs de Dieu par les formations et conf\u00e9rences.<\/li><li>Appui mat\u00e9riel \u00e0 nos programmes d\u2019\u00e9vang\u00e9lisation et implantation d\u2019\u00e9glises, projets de d\u00e9veloppement, promotion de la sant\u00e9, parrainage des enfants vuln\u00e9rables, alphab\u00e9tisation et apprentissage des m\u00e9tiers ainsi que des \u00e9coles bibliques.<\/li><li>Des missionnaires qui pourront servir c\u00f4te \u00e0 c\u00f4te avec nous et piloter nos litt\u00e9ratures religieuses\u2026\u2026.<\/li><\/ul>\n","protected":false},"excerpt":{"rendered":"<p>Nos partenaires sont des individus, \u00e9glises ou autres organisations locales ou \u00e9trang\u00e8res int\u00e9ress\u00e9es par nos activit\u00e9s et qui puissent collaborer avec nous pour l\u2019atteinte de nos objectifs. &nbsp;Nos partenaires pourront nous appuyer dans ces domaines&nbsp;: Capacitation de nos collaborateurs serviteurs de Dieu par les formations et conf\u00e9rences. Appui mat\u00e9riel \u00e0 nos programmes d\u2019\u00e9vang\u00e9lisation et implantation [&hellip;]<\/p>\n","protected":false},"author":1,"featured_media":0,"parent":0,"menu_order":0,"comment_status":"closed","ping_status":"closed","template":"","meta":{"footnotes":""},"class_list":["post-17","page","type-page","status-publish","hentry"],"_links":{"self":[{"href":"https:\/\/elimfellowshipcongo.org\/index.php?rest_route=\/wp\/v2\/pages\/17","targetHints":{"allow":["GET"]}}],"collection":[{"href":"https:\/\/elimfellowshipcongo.org\/index.php?rest_route=\/wp\/v2\/pages"}],"about":[{"href":"https:\/\/elimfellowshipcongo.org\/index.php?rest_route=\/wp\/v2\/types\/page"}],"author":[{"embeddable":true,"href":"https:\/\/elimfellowshipcongo.org\/index.php?rest_route=\/wp\/v2\/users\/1"}],"replies":[{"embeddable":true,"href":"https:\/\/elimfellowshipcongo.org\/index.php?rest_route=%2Fwp%2Fv2%2Fcomments&post=17"}],"version-history":[{"count":3,"href":"https:\/\/elimfellowshipcongo.org\/index.php?rest_route=\/wp\/v2\/pages\/17\/revisions"}],"predecessor-version":[{"id":92,"href":"https:\/\/elimfellowshipcongo.org\/index.php?rest_route=\/wp\/v2\/pages\/17\/revisions\/92"}],"wp:attachment":[{"href":"https:\/\/elimfellowshipcongo.org\/index.php?rest_route=%2Fwp%2Fv2%2Fmedia&parent=17"}],"curies":[{"name":"wp","href":"https:\/\/api.w.org\/{rel}","templated":true}]}}