{"id":295,"date":"2023-01-23T07:25:00","date_gmt":"2023-01-23T07:25:00","guid":{"rendered":"https:\/\/elimfellowshipcongo.org\/?page_id=295"},"modified":"2025-08-07T22:20:09","modified_gmt":"2025-08-07T22:20:09","slug":"donation","status":"publish","type":"page","link":"https:\/\/elimfellowshipcongo.org\/?page_id=295","title":{"rendered":"DONATION"},"content":{"rendered":"\n<p><\/p>\n\n\n\n<h2 class=\"wp-block-heading\">Pour toute donation, contactez nous soit par t\u00e9l\u00e9phone ou par email au:<\/h2>\n\n\n\n<p><font style=\"vertical-align: inherit;\"><font style=\"vertical-align: inherit;\">T\u00e9l: <\/font><\/font>+243 838928261<\/p>\n\n\n\n<p><font style=\"vertical-align: inherit;\"><font style=\"vertical-align: inherit;\">email: <\/font><\/font>info@elimfellowshipcongo.org <\/p>\n\n\n\n<p><\/p>\n","protected":false},"excerpt":{"rendered":"<p>Pour toute donation, contactez nous soit par t\u00e9l\u00e9phone ou par email au: T\u00e9l: +243 838928261 email: info@elimfellowshipcongo.org<\/p>\n","protected":false},"author":1,"featured_media":0,"parent":0,"menu_order":0,"comment_status":"closed","ping_status":"closed","template":"","meta":{"footnotes":""},"class_list":["post-295","page","type-page","status-publish","hentry"],"_links":{"self":[{"href":"https:\/\/elimfellowshipcongo.org\/index.php?rest_route=\/wp\/v2\/pages\/295","targetHints":{"allow":["GET"]}}],"collection":[{"href":"https:\/\/elimfellowshipcongo.org\/index.php?rest_route=\/wp\/v2\/pages"}],"about":[{"href":"https:\/\/elimfellowshipcongo.org\/index.php?rest_route=\/wp\/v2\/types\/page"}],"author":[{"embeddable":true,"href":"https:\/\/elimfellowshipcongo.org\/index.php?rest_route=\/wp\/v2\/users\/1"}],"replies":[{"embeddable":true,"href":"https:\/\/elimfellowshipcongo.org\/index.php?rest_route=%2Fwp%2Fv2%2Fcomments&post=295"}],"version-history":[{"count":6,"href":"https:\/\/elimfellowshipcongo.org\/index.php?rest_route=\/wp\/v2\/pages\/295\/revisions"}],"predecessor-version":[{"id":626,"href":"https:\/\/elimfellowshipcongo.org\/index.php?rest_route=\/wp\/v2\/pages\/295\/revisions\/626"}],"wp:attachment":[{"href":"https:\/\/elimfellowshipcongo.org\/index.php?rest_route=%2Fwp%2Fv2%2Fmedia&parent=295"}],"curies":[{"name":"wp","href":"https:\/\/api.w.org\/{rel}","templated":true}]}}