{"id":31,"date":"2022-08-25T22:33:40","date_gmt":"2022-08-25T22:33:40","guid":{"rendered":"https:\/\/elimfellowshipcongo.org\/?page_id=31"},"modified":"2024-01-05T14:47:04","modified_gmt":"2024-01-05T14:47:04","slug":"activites-realisees","status":"publish","type":"page","link":"https:\/\/elimfellowshipcongo.org\/?page_id=31","title":{"rendered":"ACTIVIT\u00c9S"},"content":{"rendered":"\n<ul class=\"wp-block-list\">\n<li>CONFERENCES<\/li>\n<\/ul>\n\n\n\n<p><\/p>\n\n\n\n<ul class=\"wp-block-list\">\n<li>EVANGELISATION<\/li>\n<\/ul>\n\n\n\n<p><\/p>\n\n\n\n<ul class=\"wp-block-list\">\n<li>APPUI EN MICROCREDITS<\/li>\n<\/ul>\n\n\n\n<p><\/p>\n\n\n\n<ul class=\"wp-block-list\">\n<li>REUNIONS<\/li>\n<\/ul>\n\n\n\n<p><\/p>\n\n\n\n<ul class=\"wp-block-list\">\n<li>ALPHABETISATION ET EDUCATION<\/li>\n<\/ul>\n\n\n\n<p><\/p>\n\n\n\n<ul class=\"wp-block-list\">\n<li>CONSECRATION DES SERVITEURS <\/li>\n<\/ul>\n\n\n\n<p><\/p>\n\n\n\n<ul class=\"wp-block-list\">\n<li>AIDE AUX VULNERABLES\n<ul class=\"wp-block-list\">\n<li>D\u00e9plac\u00e9s de guerre:     Appui en nourriture et habits<\/li>\n<\/ul>\n<\/li>\n<\/ul>\n\n\n\n<p><\/p>\n\n\n\n<ul class=\"wp-block-list\">\n<li>APPUI MEDICAL <\/li>\n<\/ul>\n\n\n\n<p><\/p>\n\n\n\n<ul class=\"wp-block-list\">\n<li>MISSIONS <\/li>\n<\/ul>\n\n\n\n<figure class=\"wp-block-video\"><video height=\"120\" style=\"aspect-ratio: 210 \/ 120;\" width=\"210\" controls src=\"https:\/\/elimfellowshipcongo.org\/wp-content\/uploads\/2024\/01\/okay.mp4\"><\/video><figcaption class=\"wp-element-caption\">activit\u00e9s r\u00e9alis\u00e9es de 2018-2023<\/figcaption><\/figure>\n","protected":false},"excerpt":{"rendered":"","protected":false},"author":1,"featured_media":0,"parent":0,"menu_order":0,"comment_status":"closed","ping_status":"closed","template":"","meta":{"footnotes":""},"class_list":["post-31","page","type-page","status-publish","hentry"],"_links":{"self":[{"href":"https:\/\/elimfellowshipcongo.org\/index.php?rest_route=\/wp\/v2\/pages\/31","targetHints":{"allow":["GET"]}}],"collection":[{"href":"https:\/\/elimfellowshipcongo.org\/index.php?rest_route=\/wp\/v2\/pages"}],"about":[{"href":"https:\/\/elimfellowshipcongo.org\/index.php?rest_route=\/wp\/v2\/types\/page"}],"author":[{"embeddable":true,"href":"https:\/\/elimfellowshipcongo.org\/index.php?rest_route=\/wp\/v2\/users\/1"}],"replies":[{"embeddable":true,"href":"https:\/\/elimfellowshipcongo.org\/index.php?rest_route=%2Fwp%2Fv2%2Fcomments&post=31"}],"version-history":[{"count":11,"href":"https:\/\/elimfellowshipcongo.org\/index.php?rest_route=\/wp\/v2\/pages\/31\/revisions"}],"predecessor-version":[{"id":485,"href":"https:\/\/elimfellowshipcongo.org\/index.php?rest_route=\/wp\/v2\/pages\/31\/revisions\/485"}],"wp:attachment":[{"href":"https:\/\/elimfellowshipcongo.org\/index.php?rest_route=%2Fwp%2Fv2%2Fmedia&parent=31"}],"curies":[{"name":"wp","href":"https:\/\/api.w.org\/{rel}","templated":true}]}}