{"id":93,"date":"2022-09-06T22:09:35","date_gmt":"2022-09-06T22:09:35","guid":{"rendered":"https:\/\/elimfellowshipcongo.org\/?page_id=93"},"modified":"2025-03-30T22:31:48","modified_gmt":"2025-03-30T22:31:48","slug":"equipe-dirigeante","status":"publish","type":"page","link":"https:\/\/elimfellowshipcongo.org\/?page_id=93","title":{"rendered":"\u00c9QUIPE DIRIGEANTE"},"content":{"rendered":"\n<p><\/p>\n\n\n\n<figure class=\"wp-block-image size-large is-resized\"><img loading=\"lazy\" decoding=\"async\" width=\"768\" height=\"1024\" src=\"https:\/\/elimfellowshipcongo.org\/wp-content\/uploads\/2022\/09\/IMG_20220828_195508_625-768x1024.jpg\" alt=\"\" class=\"wp-image-104\" style=\"width:229px;height:305px\" srcset=\"https:\/\/elimfellowshipcongo.org\/wp-content\/uploads\/2022\/09\/IMG_20220828_195508_625-768x1024.jpg 768w, https:\/\/elimfellowshipcongo.org\/wp-content\/uploads\/2022\/09\/IMG_20220828_195508_625-225x300.jpg 225w, https:\/\/elimfellowshipcongo.org\/wp-content\/uploads\/2022\/09\/IMG_20220828_195508_625-1152x1536.jpg 1152w, https:\/\/elimfellowshipcongo.org\/wp-content\/uploads\/2022\/09\/IMG_20220828_195508_625-1536x2048.jpg 1536w, https:\/\/elimfellowshipcongo.org\/wp-content\/uploads\/2022\/09\/IMG_20220828_195508_625-scaled.jpg 1920w\" sizes=\"auto, (max-width: 768px) 100vw, 768px\" \/><figcaption class=\"wp-element-caption\"><font style=\"vertical-align: inherit;\"><font style=\"vertical-align: inherit;\">REPR\u00c9SENTANT L\u00c9GAL: \u00c9V\u00caQUE JOHN GAKURU UWIMANA <\/font><\/font><\/figcaption><\/figure>\n\n\n\n<p><\/p>\n\n\n\n<p><\/p>\n\n\n\n<figure class=\"wp-block-image size-full\"><img loading=\"lazy\" decoding=\"async\" width=\"195\" height=\"269\" src=\"https:\/\/elimfellowshipcongo.org\/wp-content\/uploads\/2022\/09\/image-1.png\" alt=\"\" class=\"wp-image-102\"\/><figcaption class=\"wp-element-caption\"><font style=\"vertical-align: inherit;\"><font style=\"vertical-align: inherit;\">REPR<\/font><\/font>\u00c9SENTANT L\u00c9GAL <font style=\"vertical-align: inherit;\"><font style=\"vertical-align: inherit;\">ADJOINT : BISHOP NESTOR MATEMBERA NDAMWENGE<\/font><\/font><\/figcaption><\/figure>\n\n\n\n<p><\/p>\n\n\n\n<p><\/p>\n\n\n\n<figure class=\"wp-block-image size-full is-resized\"><img loading=\"lazy\" decoding=\"async\" width=\"266\" height=\"361\" src=\"https:\/\/elimfellowshipcongo.org\/wp-content\/uploads\/2022\/09\/image-2.png\" alt=\"\" class=\"wp-image-103\" style=\"width:412px;height:559px\" srcset=\"https:\/\/elimfellowshipcongo.org\/wp-content\/uploads\/2022\/09\/image-2.png 266w, https:\/\/elimfellowshipcongo.org\/wp-content\/uploads\/2022\/09\/image-2-221x300.png 221w\" sizes=\"auto, (max-width: 266px) 100vw, 266px\" \/><figcaption class=\"wp-element-caption\"><font style=\"vertical-align: inherit;\"><font style=\"vertical-align: inherit;\"><font style=\"vertical-align: inherit;\"><font style=\"vertical-align: inherit;\">SECR\u00c9TAIRE G\u00c9N\u00c9RAL : PASTEUR KAVOTE RUGENGE GALILE<\/font><\/font><\/font><\/font><font style=\"vertical-align: inherit;\"><font style=\"vertical-align: inherit;\">O<\/font><\/font><\/figcaption><\/figure>\n\n\n\n<p><\/p>\n\n\n\n<p><\/p>\n\n\n\n<figure class=\"wp-block-image size-large is-resized\"><img loading=\"lazy\" decoding=\"async\" width=\"768\" height=\"1024\" src=\"https:\/\/elimfellowshipcongo.org\/wp-content\/uploads\/2022\/09\/JEANNE-768x1024.jpg\" alt=\"\" class=\"wp-image-106\" style=\"width:237px;height:316px\" srcset=\"https:\/\/elimfellowshipcongo.org\/wp-content\/uploads\/2022\/09\/JEANNE-768x1024.jpg 768w, https:\/\/elimfellowshipcongo.org\/wp-content\/uploads\/2022\/09\/JEANNE-225x300.jpg 225w, https:\/\/elimfellowshipcongo.org\/wp-content\/uploads\/2022\/09\/JEANNE-1152x1536.jpg 1152w, https:\/\/elimfellowshipcongo.org\/wp-content\/uploads\/2022\/09\/JEANNE.jpg 1511w\" sizes=\"auto, (max-width: 768px) 100vw, 768px\" \/><figcaption class=\"wp-element-caption\">TR\u00c9SORI\u00c8RE G\u00c9N\u00c9RALE : MADAME JEANNE AYINKAMIYE BIZIMUNGU<\/figcaption><\/figure>\n\n\n\n<figure class=\"wp-block-gallery has-nested-images columns-default is-cropped wp-block-gallery-1 is-layout-flex wp-block-gallery-is-layout-flex\">\n<figure class=\"wp-block-image size-large\"><img loading=\"lazy\" decoding=\"async\" width=\"461\" height=\"1024\" data-id=\"589\" src=\"https:\/\/elimfellowshipcongo.org\/wp-content\/uploads\/2025\/03\/IMG-20250331-WA0000-461x1024.jpg\" alt=\"\" class=\"wp-image-589\" srcset=\"https:\/\/elimfellowshipcongo.org\/wp-content\/uploads\/2025\/03\/IMG-20250331-WA0000-461x1024.jpg 461w, https:\/\/elimfellowshipcongo.org\/wp-content\/uploads\/2025\/03\/IMG-20250331-WA0000-135x300.jpg 135w, https:\/\/elimfellowshipcongo.org\/wp-content\/uploads\/2025\/03\/IMG-20250331-WA0000.jpg 468w\" sizes=\"auto, (max-width: 461px) 100vw, 461px\" \/><\/figure>\n<\/figure>\n\n\n\n<p>ASSISTANT AU SECR\u00c9TAIRE G\u00c9N\u00c9RAL :           PASTEUR ALBERT ISHARA LUSHOBYA<\/p>\n","protected":false},"excerpt":{"rendered":"<p>ASSISTANT AU SECR\u00c9TAIRE G\u00c9N\u00c9RAL : PASTEUR ALBERT ISHARA LUSHOBYA<\/p>\n","protected":false},"author":1,"featured_media":0,"parent":0,"menu_order":0,"comment_status":"closed","ping_status":"closed","template":"","meta":{"footnotes":""},"class_list":["post-93","page","type-page","status-publish","hentry"],"_links":{"self":[{"href":"https:\/\/elimfellowshipcongo.org\/index.php?rest_route=\/wp\/v2\/pages\/93","targetHints":{"allow":["GET"]}}],"collection":[{"href":"https:\/\/elimfellowshipcongo.org\/index.php?rest_route=\/wp\/v2\/pages"}],"about":[{"href":"https:\/\/elimfellowshipcongo.org\/index.php?rest_route=\/wp\/v2\/types\/page"}],"author":[{"embeddable":true,"href":"https:\/\/elimfellowshipcongo.org\/index.php?rest_route=\/wp\/v2\/users\/1"}],"replies":[{"embeddable":true,"href":"https:\/\/elimfellowshipcongo.org\/index.php?rest_route=%2Fwp%2Fv2%2Fcomments&post=93"}],"version-history":[{"count":15,"href":"https:\/\/elimfellowshipcongo.org\/index.php?rest_route=\/wp\/v2\/pages\/93\/revisions"}],"predecessor-version":[{"id":591,"href":"https:\/\/elimfellowshipcongo.org\/index.php?rest_route=\/wp\/v2\/pages\/93\/revisions\/591"}],"wp:attachment":[{"href":"https:\/\/elimfellowshipcongo.org\/index.php?rest_route=%2Fwp%2Fv2%2Fmedia&parent=93"}],"curies":[{"name":"wp","href":"https:\/\/api.w.org\/{rel}","templated":true}]}}